{"id":74,"date":"2025-12-23T13:12:58","date_gmt":"2025-12-23T13:12:58","guid":{"rendered":"https:\/\/cms.badminton-ettelbruck.lu\/?page_id=74"},"modified":"2026-01-05T09:00:12","modified_gmt":"2026-01-05T09:00:12","slug":"team","status":"publish","type":"page","link":"https:\/\/cms.badminton-ettelbruck.lu\/?page_id=74","title":{"rendered":"Team"},"content":{"rendered":"\n<p class=\"has-medium-font-size\">This season (2025-2026) we have the following teams:<\/p>\n\n\n\n<p class=\"has-ast-global-color-1-color has-text-color has-link-color has-large-font-size wp-elements-f9cbc460855fd2a53b4ae523a4167eac\"><strong>Seniors<\/strong>: Ettelbruck 1 in 2<sup>nd<\/sup>&nbsp;division<\/p>\n\n\n\n<figure class=\"wp-block-gallery has-nested-images columns-default is-cropped wp-block-gallery-1 is-layout-flex wp-block-gallery-is-layout-flex\">\n<figure class=\"wp-block-image size-large is-resized\"><img loading=\"lazy\" decoding=\"async\" width=\"1024\" height=\"768\" data-id=\"88\" src=\"https:\/\/cms.badminton-ettelbruck.lu\/wp-content\/uploads\/2025\/12\/671181f8-f860-44e4-8d5e-b14dbfd8f7ea-1024x768.jpg\" alt=\"\" class=\"wp-image-88\" style=\"width:763px;height:auto\" srcset=\"https:\/\/cms.badminton-ettelbruck.lu\/wp-content\/uploads\/2025\/12\/671181f8-f860-44e4-8d5e-b14dbfd8f7ea-1024x768.jpg 1024w, https:\/\/cms.badminton-ettelbruck.lu\/wp-content\/uploads\/2025\/12\/671181f8-f860-44e4-8d5e-b14dbfd8f7ea-300x225.jpg 300w, https:\/\/cms.badminton-ettelbruck.lu\/wp-content\/uploads\/2025\/12\/671181f8-f860-44e4-8d5e-b14dbfd8f7ea-768x576.jpg 768w, https:\/\/cms.badminton-ettelbruck.lu\/wp-content\/uploads\/2025\/12\/671181f8-f860-44e4-8d5e-b14dbfd8f7ea-1536x1152.jpg 1536w, https:\/\/cms.badminton-ettelbruck.lu\/wp-content\/uploads\/2025\/12\/671181f8-f860-44e4-8d5e-b14dbfd8f7ea.jpg 1600w\" sizes=\"auto, (max-width: 1024px) 100vw, 1024px\" \/><\/figure>\n\n\n\n<figure class=\"wp-block-image size-large is-resized\"><img loading=\"lazy\" decoding=\"async\" width=\"768\" height=\"1024\" data-id=\"87\" src=\"https:\/\/cms.badminton-ettelbruck.lu\/wp-content\/uploads\/2025\/12\/466800ee-e174-48e5-b638-021f90d61dec-768x1024.jpg\" alt=\"\" class=\"wp-image-87\" style=\"width:357px;height:auto\" srcset=\"https:\/\/cms.badminton-ettelbruck.lu\/wp-content\/uploads\/2025\/12\/466800ee-e174-48e5-b638-021f90d61dec-768x1024.jpg 768w, https:\/\/cms.badminton-ettelbruck.lu\/wp-content\/uploads\/2025\/12\/466800ee-e174-48e5-b638-021f90d61dec-225x300.jpg 225w, https:\/\/cms.badminton-ettelbruck.lu\/wp-content\/uploads\/2025\/12\/466800ee-e174-48e5-b638-021f90d61dec-1152x1536.jpg 1152w, https:\/\/cms.badminton-ettelbruck.lu\/wp-content\/uploads\/2025\/12\/466800ee-e174-48e5-b638-021f90d61dec.jpg 1536w\" sizes=\"auto, (max-width: 768px) 100vw, 768px\" \/><\/figure>\n<\/figure>\n\n\n\n<p class=\"has-medium-font-size\">Championship 2025\/2026<\/p>\n\n\n\n<p class=\"has-ast-global-color-8-color has-ast-global-color-7-background-color has-text-color has-background has-link-color has-small-font-size wp-elements-732396eaee22d7ce27bff8d00c28c041\" style=\"border-style:none;border-width:0px;border-top-left-radius:0px;border-top-right-radius:0px;border-bottom-left-radius:0px;border-bottom-right-radius:0px;margin-top:0;margin-right:0;margin-bottom:0;margin-left:0;padding-top:0;padding-right:0;padding-bottom:0;padding-left:0\"><strong><br>Round 1    So 28.09.25   10:00    Badminton Fiederw\u00e4iss Ettelbr\u00e9ck 1 &#8211; BC Europeen 3<br>Round 2    So 05.10.25   10:00    Badminton Fiederw\u00e4iss Ettelbr\u00e9ck 1 &#8211; Fiederball Izeg 3<br>Round 3    So 19.10.25   10:00    Badminton Fiederw\u00e4iss Ettelbr\u00e9ck 1 &#8211; Fiederball Izeg 4<br>Round 4    So 16.11.25   10:00    Badminton Fiederw\u00e4iss Ettelbr\u00e9ck 1 &#8211; BC Jongl\u00ebnster 3<br>Round 5    So 23.11.25   10:00    Badminton Fiederw\u00e4iss Ettelbr\u00e9ck 1 &#8211; B.I.C. Kielen 2<br>Round 6    Fr 28.11.25    19:30    BC K\u00e4ldall 2 &#8211; Badminton Fiederw\u00e4iss Ettelbr\u00e9ck 1<br>Round 7    So 14.12.25   09:30    Badminton R\u00e9sidence Walfer 1 &#8211; Badminton Fiederw\u00e4iss Ettelbr\u00e9ck 1<br><br>Round 8     Fr 16.01.26    20:00   BC Europeen 3 &#8211; Badminton Fiederw\u00e4iss Ettelbr\u00e9ck 1<br>Round 9     Sa 31.01.26   15:00   Fiederball Izeg 3 &#8211; Badminton Fiederw\u00e4iss Ettelbr\u00e9ck 1<br>Round 10   Sa 28.02.26   15:00   Fiederball Izeg 4 &#8211; Badminton Fiederw\u00e4iss Ettelbr\u00e9ck 1<br>Round 11   Fr 13.03.26    20:00   BC Jongl\u00ebnster 3 &#8211; Badminton Fiederw\u00e4iss Ettelbr\u00e9ck 1<br>Round 12   So 12.04.26   10:00   B.I.C. Kielen 2 &#8211; Badminton Fiederw\u00e4iss Ettelbr\u00e9ck 1<br>Round 13   So 26.04.26   10:00   Badminton Fiederw\u00e4iss Ettelbr\u00e9ck 1 &#8211; BC K\u00e4ldall 2<br>Round 14   So 17.05.26   10:00   Badminton Fiederw\u00e4iss Ettelbr\u00e9ck 1 &#8211; Badminton R\u00e9sidence Walfer 1<\/strong><br><\/p>\n\n\n\n<p>Results&nbsp;<a href=\"https:\/\/feluba.tournamentsoftware.com\/league\/3F0EC5E6-7A69-477F-8C6A-C84BD1BA4482\/draw\/3\">Division 2<\/a><\/p>\n\n\n\n<p class=\"has-ast-global-color-1-color has-text-color has-link-color has-large-font-size wp-elements-20bd8ca1e8fd8ee95b8523699466242e\"><strong>Jeunes<\/strong>: U11, U15<\/p>\n\n\n\n<figure class=\"wp-block-image size-large is-resized\"><img loading=\"lazy\" decoding=\"async\" width=\"461\" height=\"1024\" src=\"https:\/\/cms.badminton-ettelbruck.lu\/wp-content\/uploads\/2026\/01\/7b2ad409-b27b-44a7-ae53-8edc4722baf1-461x1024.jpg\" alt=\"\" class=\"wp-image-98\" style=\"width:290px;height:auto\" srcset=\"https:\/\/cms.badminton-ettelbruck.lu\/wp-content\/uploads\/2026\/01\/7b2ad409-b27b-44a7-ae53-8edc4722baf1-461x1024.jpg 461w, https:\/\/cms.badminton-ettelbruck.lu\/wp-content\/uploads\/2026\/01\/7b2ad409-b27b-44a7-ae53-8edc4722baf1-135x300.jpg 135w, https:\/\/cms.badminton-ettelbruck.lu\/wp-content\/uploads\/2026\/01\/7b2ad409-b27b-44a7-ae53-8edc4722baf1-692x1536.jpg 692w, https:\/\/cms.badminton-ettelbruck.lu\/wp-content\/uploads\/2026\/01\/7b2ad409-b27b-44a7-ae53-8edc4722baf1.jpg 721w\" sizes=\"auto, (max-width: 461px) 100vw, 461px\" \/><\/figure>\n\n\n\n<p class=\"has-medium-font-size\">Championship 2025\/2026<\/p>\n\n\n\n<p class=\"has-ast-global-color-8-color has-ast-global-color-7-background-color has-text-color has-background has-link-color has-small-font-size wp-elements-5ee0c69bd14b8ca8233db866b55d0418\" style=\"border-style:none;border-width:0px;border-top-left-radius:0px;border-top-right-radius:0px;border-bottom-left-radius:0px;border-bottom-right-radius:0px;margin-top:0;margin-right:0;margin-bottom:0;margin-left:0;padding-top:0;padding-right:0;padding-bottom:0;padding-left:0\">U11: <br><strong><br>Round 1 Sa 18.10.25 13:30 <strong>Badminton R\u00e9sidence Walfer<\/strong><\/strong> &#8211; <strong>Badminton Fiederw\u00e4iss Ettelbr\u00e9ck  <br>Round 2 Sa 18.10.25 14:30 BC 82 Beetebuerg &#8211; Badminton Fiederw\u00e4iss Ettelbr\u00e9ck<br>Round 3 Sa 15.11.25 14:00 Badminton Fiederw\u00e4iss Ettelbr\u00e9ck  &#8211; B.I.C. Kielen<br>Round 4 Sa 15.11.25 15:00 Badminton Fiederw\u00e4iss Ettelbr\u00e9ck  &#8211; BC Sandweiler<br>Round 5 Sa 24.01.26 14:00 Badminton Fiederw\u00e4iss Ettelbr\u00e9ck  &#8211; BC K\u00e4ldall<br>Round 6 Sa 24.01.26 15:00 Badminton Fiederw\u00e4iss Ettelbr\u00e9ck &#8211; BC D\u00e9ifferdeng 2<br>Round 7 Sa 24.01.26 16:00 Badminton Fiederw\u00e4iss Ettelbr\u00e9ck &#8211; Fiederball Izeg 2<br>Round 8 Sa 28.02.26 14:00 Badminton Fiederw\u00e4iss Ettelbr\u00e9ck &#8211; Badminton Club Diddeleng <br>Round 9 Sa 28.02.26 15:00 Fiederball Izeg 1 &#8211; Badminton Fiederw\u00e4iss Ettelbr\u00e9ck <br>Round 10 Sa 14.03.26 13:30 BC D\u00e9ifferdeng 1 &#8211; Badminton Fiederw\u00e4iss Ettelbr\u00e9ck <br>Round 11 Sa 14.03.26 14:30 BC Sch\u00ebtter &#8211; Badminton Fiederw\u00e4iss Ettelbr\u00e9ck <br>Round 12 Sa 16.05.26 14:30 Badminton Sch\u00ebffleng 1981 &#8211; Badminton Fiederw\u00e4iss Ettelbr\u00e9ck <br>Round 13 Sa 16.05.26 15:30 Biwer Fiederball &#8211; Badminton Fiederw\u00e4iss Ettelbr\u00e9ck <\/strong><br><\/p>\n\n\n\n<p>Results\u00a0<a href=\"https:\/\/feluba.tournamentsoftware.com\/league\/8F8FAD4F-64B8-4462-9DD4-351FC43869E8\/draw\/4\">U11<\/a><\/p>\n\n\n\n<p class=\"has-ast-global-color-8-color has-ast-global-color-7-background-color has-text-color has-background has-link-color has-small-font-size wp-elements-bba36ee65c51b542455b088a6998aa49\" style=\"border-style:none;border-width:0px;border-top-left-radius:0px;border-top-right-radius:0px;border-bottom-left-radius:0px;border-bottom-right-radius:0px;margin-top:0;margin-right:0;margin-bottom:0;margin-left:0;padding-top:0;padding-right:0;padding-bottom:0;padding-left:0\">U15: <br><strong><br>Round 1 Sa 18.10.25 14:30<\/strong> <strong>Badminton Fiederw\u00e4iss Ettelbr\u00e9ck &#8211;  BC Europeen<br>Round 2 Sa 18.10.25 16:00 Badminton Fiederw\u00e4iss Ettelbr\u00e9ck &#8211; <strong><strong> Badminton Club Diddeleng <\/strong><\/strong><br>Round 3 Sa 15.11.25 14:30 <strong>Fiederball Izeg<\/strong><\/strong> &#8211; <strong>Badminton Fiederw\u00e4iss Ettelbr\u00e9ck  <br>Round 4 Sa 15.11.25 16:00 BC 82 Beetebuerg &#8211; Badminton Fiederw\u00e4iss Ettelbr\u00e9ck <br>Round 5 Sa 24.01.26 14:30 BC Sch\u00ebtter &#8211; Badminton Fiederw\u00e4iss Ettelbr\u00e9ck<br>Round 6 Sa 24.01.26 16:00 <strong>BC D\u00e9ifferdeng<\/strong><\/strong> &#8211; <strong>Badminton Fiederw\u00e4iss Ettelbr\u00e9ck <br>Round 7 Sa 24.01.26 17:30 Badminton R\u00e9sidence Walfer &#8211; Badminton Fiederw\u00e4iss Ettelbr\u00e9ck <br>Round 8 Sa 28.02.26 14:00 BC K\u00e4ldall &#8211; Badminton Fiederw\u00e4iss Ettelbr\u00e9ck<br>Round 9 Sa 28.02.26 15:30 Badminton Fiederw\u00e4iss Ettelbr\u00e9ck &#8211; B.I.C. Kielen<br>Round 10 Sa 14.03.26 14:30 Badminton Fiederw\u00e4iss Ettelbr\u00e9ck &#8211; BC Sandweiler<br>Round 11 Sa 16.05.26 14:00 Badminton Fiederw\u00e4iss Ettelbr\u00e9ck &#8211; Badminton Sch\u00ebffleng 1981<\/strong><br><\/p>\n\n\n\n<p><br>Results\u00a0<a href=\"https:\/\/feluba.tournamentsoftware.com\/league\/8F8FAD4F-64B8-4462-9DD4-351FC43869E8\/draw\/2\">U15<\/a><\/p>\n\n\n\n<p class=\"has-medium-font-size\">Tournois 2025\/2026<\/p>\n\n\n\n<figure class=\"wp-block-image size-full\"><img loading=\"lazy\" decoding=\"async\" width=\"579\" height=\"1000\" src=\"https:\/\/cms.badminton-ettelbruck.lu\/wp-content\/uploads\/2025\/12\/2025_tournois.png\" alt=\"\" class=\"wp-image-95\" srcset=\"https:\/\/cms.badminton-ettelbruck.lu\/wp-content\/uploads\/2025\/12\/2025_tournois.png 579w, https:\/\/cms.badminton-ettelbruck.lu\/wp-content\/uploads\/2025\/12\/2025_tournois-174x300.png 174w\" sizes=\"auto, (max-width: 579px) 100vw, 579px\" \/><\/figure>\n","protected":false},"excerpt":{"rendered":"<p>This season (2025-2026) we have the following teams: Seniors: Ettelbruck 1 in 2nd&nbsp;division Championship 2025\/2026 Round 1 So 28.09.25 10:00 [&hellip;]<\/p>\n","protected":false},"author":1,"featured_media":0,"parent":0,"menu_order":0,"comment_status":"closed","ping_status":"closed","template":"","meta":{"site-sidebar-layout":"default","site-content-layout":"","ast-site-content-layout":"default","site-content-style":"default","site-sidebar-style":"default","ast-global-header-display":"","ast-banner-title-visibility":"","ast-main-header-display":"","ast-hfb-above-header-display":"","ast-hfb-below-header-display":"","ast-hfb-mobile-header-display":"","site-post-title":"","ast-breadcrumbs-content":"","ast-featured-img":"","footer-sml-layout":"","ast-disable-related-posts":"","theme-transparent-header-meta":"","adv-header-id-meta":"","stick-header-meta":"","header-above-stick-meta":"","header-main-stick-meta":"","header-below-stick-meta":"","astra-migrate-meta-layouts":"default","ast-page-background-enabled":"default","ast-page-background-meta":{"desktop":{"background-color":"var(--ast-global-color-5)","background-image":"","background-repeat":"repeat","background-position":"center center","background-size":"auto","background-attachment":"scroll","background-type":"","background-media":"","overlay-type":"","overlay-color":"","overlay-opacity":"","overlay-gradient":""},"tablet":{"background-color":"","background-image":"","background-repeat":"repeat","background-position":"center center","background-size":"auto","background-attachment":"scroll","background-type":"","background-media":"","overlay-type":"","overlay-color":"","overlay-opacity":"","overlay-gradient":""},"mobile":{"background-color":"","background-image":"","background-repeat":"repeat","background-position":"center center","background-size":"auto","background-attachment":"scroll","background-type":"","background-media":"","overlay-type":"","overlay-color":"","overlay-opacity":"","overlay-gradient":""}},"ast-content-background-meta":{"desktop":{"background-color":"var(--ast-global-color-4)","background-image":"","background-repeat":"repeat","background-position":"center center","background-size":"auto","background-attachment":"scroll","background-type":"","background-media":"","overlay-type":"","overlay-color":"","overlay-opacity":"","overlay-gradient":""},"tablet":{"background-color":"var(--ast-global-color-4)","background-image":"","background-repeat":"repeat","background-position":"center center","background-size":"auto","background-attachment":"scroll","background-type":"","background-media":"","overlay-type":"","overlay-color":"","overlay-opacity":"","overlay-gradient":""},"mobile":{"background-color":"var(--ast-global-color-4)","background-image":"","background-repeat":"repeat","background-position":"center center","background-size":"auto","background-attachment":"scroll","background-type":"","background-media":"","overlay-type":"","overlay-color":"","overlay-opacity":"","overlay-gradient":""}},"footnotes":""},"class_list":["post-74","page","type-page","status-publish","hentry"],"_links":{"self":[{"href":"https:\/\/cms.badminton-ettelbruck.lu\/index.php?rest_route=\/wp\/v2\/pages\/74","targetHints":{"allow":["GET"]}}],"collection":[{"href":"https:\/\/cms.badminton-ettelbruck.lu\/index.php?rest_route=\/wp\/v2\/pages"}],"about":[{"href":"https:\/\/cms.badminton-ettelbruck.lu\/index.php?rest_route=\/wp\/v2\/types\/page"}],"author":[{"embeddable":true,"href":"https:\/\/cms.badminton-ettelbruck.lu\/index.php?rest_route=\/wp\/v2\/users\/1"}],"replies":[{"embeddable":true,"href":"https:\/\/cms.badminton-ettelbruck.lu\/index.php?rest_route=%2Fwp%2Fv2%2Fcomments&post=74"}],"version-history":[{"count":8,"href":"https:\/\/cms.badminton-ettelbruck.lu\/index.php?rest_route=\/wp\/v2\/pages\/74\/revisions"}],"predecessor-version":[{"id":100,"href":"https:\/\/cms.badminton-ettelbruck.lu\/index.php?rest_route=\/wp\/v2\/pages\/74\/revisions\/100"}],"wp:attachment":[{"href":"https:\/\/cms.badminton-ettelbruck.lu\/index.php?rest_route=%2Fwp%2Fv2%2Fmedia&parent=74"}],"curies":[{"name":"wp","href":"https:\/\/api.w.org\/{rel}","templated":true}]}}